{"id":530,"date":"2023-04-26T11:53:04","date_gmt":"2023-04-26T11:53:04","guid":{"rendered":"https:\/\/lukamasiv.mwsk.sk\/principles-of-personal-data-processing\/"},"modified":"2023-05-25T06:46:40","modified_gmt":"2023-05-25T06:46:40","slug":"principles-of-personal-data-processing","status":"publish","type":"page","link":"https:\/\/lukamasiv.sk\/en\/principles-of-personal-data-processing\/","title":{"rendered":"Principles of personal data processing"},"content":{"rendered":"<p><div class=\"fusion-fullwidth fullwidth-box fusion-builder-row-1 fusion-flex-container has-pattern-background has-mask-background nonhundred-percent-fullwidth non-hundred-percent-height-scrolling\" style=\"--awb-border-radius-top-left:0px;--awb-border-radius-top-right:0px;--awb-border-radius-bottom-right:0px;--awb-border-radius-bottom-left:0px;\" ><div class=\"fusion-builder-row fusion-row fusion-flex-align-items-flex-start\" style=\"max-width:1331.2px;margin-left: calc(-4% \/ 2 );margin-right: calc(-4% \/ 2 );\"><div class=\"fusion-layout-column fusion_builder_column fusion-builder-column-0 fusion_builder_column_1_1 1_1 fusion-flex-column\" style=\"--awb-bg-size:cover;--awb-width-large:100%;--awb-margin-top-large:0px;--awb-spacing-right-large:1.92%;--awb-margin-bottom-large:20px;--awb-spacing-left-large:1.92%;--awb-width-medium:100%;--awb-order-medium:0;--awb-spacing-right-medium:1.92%;--awb-spacing-left-medium:1.92%;--awb-width-small:100%;--awb-order-small:0;--awb-spacing-right-small:1.92%;--awb-spacing-left-small:1.92%;\"><div class=\"fusion-column-wrapper fusion-column-has-shadow fusion-flex-justify-content-flex-start fusion-content-layout-column\"><div class=\"fusion-title title fusion-title-1 fusion-sep-none fusion-title-center fusion-title-text fusion-title-size-one\"><h1 class=\"title-heading-center fusion-responsive-typography-calculated\" style=\"margin:0;--fontSize:50;line-height:var(--awb-typography1-line-height);\">Principles of personal data processing<\/h1><\/div><\/div><\/div><\/div><\/div><div class=\"fusion-fullwidth fullwidth-box fusion-builder-row-2 fusion-flex-container has-pattern-background has-mask-background nonhundred-percent-fullwidth non-hundred-percent-height-scrolling\" style=\"--awb-border-radius-top-left:0px;--awb-border-radius-top-right:0px;--awb-border-radius-bottom-right:0px;--awb-border-radius-bottom-left:0px;\" ><div class=\"fusion-builder-row fusion-row fusion-flex-align-items-flex-start\" style=\"max-width:1331.2px;margin-left: calc(-4% \/ 2 );margin-right: calc(-4% \/ 2 );\"><div class=\"fusion-layout-column fusion_builder_column fusion-builder-column-1 fusion_builder_column_1_1 1_1 fusion-flex-column\" style=\"--awb-bg-size:cover;--awb-width-large:100%;--awb-margin-top-large:0px;--awb-spacing-right-large:1.92%;--awb-margin-bottom-large:20px;--awb-spacing-left-large:1.92%;--awb-width-medium:100%;--awb-order-medium:0;--awb-spacing-right-medium:1.92%;--awb-spacing-left-medium:1.92%;--awb-width-small:100%;--awb-order-small:0;--awb-spacing-right-small:1.92%;--awb-spacing-left-small:1.92%;\"><div class=\"fusion-column-wrapper fusion-column-has-shadow fusion-flex-justify-content-flex-start fusion-content-layout-column\"><div class=\"fusion-text fusion-text-1\"><p><a id=\"open_preferences_center\" class=\"d-inline-block my-3\" href=\"#\">Change Cookies settings<\/a><\/p>\n<div class=\"obchodne-podmienky\">\n<ol>\n<li><strong>Person concerned<\/strong> \u2013 website visitor.<\/li>\n<li><strong>Operator <\/strong>\u2013 operator of the website <a href=\"https:\/\/www.lukamasiv.sk\/\">www.lukamasiv.sk<\/a><br \/>\nLUKAMASIV s. r. o., I\u010cO: 438879298, s\u00eddlo: Kriv\u00e1\u0148 603, 962 04, Kriv\u00e1\u0148, Slovensk\u00e1 republika.<\/li>\n<li>The person concerned agrees to the processing of personal data by the seller to the extent specified below.<\/li>\n<li>The site operator is responsible for the processing of personal data in accordance with Regulation (EU) 2016\/679 of the European Parliament and of the Council of 27 April 2016 on the protection of natural persons in the processing of personal data and on the free movement of such data, (hereinafter referred to as GDPR)<\/li>\n<li>List of personal data: name, surname, street and number, zip code, city, email, telephone contact, cookies. You can find more information about cookies below.<\/li>\n<li>Purposes of personal data processing: issuance of a tax document, contacting the client regarding the order, fulfilment of the contract, processing of the inquiry sent through the contact form or other legitimate interest. Personal data must not be further processed in a way that is not compatible with these purposes.<\/li>\n<li><strong>Recipients<\/strong> \u2013 the operator of the website <a href=\"https:\/\/www.lukamasiv.sk\/\">www.lukamasiv.sk<\/a>, the company Modern\u00e9 Webstr\u00e1nky s.r.o. ensuring the technical operation of the website.<\/li>\n<li><strong>Intermediaries<\/strong> \u2013 recipients of data such as Google (<u>Ads Data Processing Terms<\/u>), Google Analytics and Google AdWords (<u>Data Processing Amendment<\/u>), with which we have intermediary agreements concluded.<\/li>\n<li>We do not sell, trade or in any other way provide your personal data to other third parties, except for the intermediaries mentioned in the previous point.<\/li>\n<li>Legal basis for personal data processing:<\/li>\n<li>Processing of personal data (name, surname, title, street and number, zip code, city) is necessary according to a separate regulation or an international treaty by which the Slovak Republic is bound. Above all, according to Act no. 222\/2004 Coll. on value added tax.<\/li>\n<li>Processing of personal data (email, telephone contact) is necessary for the performance of the contract.<\/li>\n<li>If you have expressed your consent to the sending of news, which you can revoke at any time by clicking the unsubscribe button in any information leaflet or by email request<\/li>\n<li>Embedded content from other websites \u2013 articles on this website may contain embedded content (e.g. videos, images, articles, etc.). Embedded content from other sites behaves as if the visitor was visiting another website. These websites may collect personal information about you, use cookies, embed third-party tracking and monitor your interaction with embedded content, including tracking your interaction with embedded content if you have an account and are logged in to that website.<\/li>\n<li>Personal data retention period: 10 years.<\/li>\n<li>By agreeing to the terms and conditions, the person concerned also gives his\/her express and unreserved consent for the operator to process his\/her personal data for the above-mentioned purposes, during the above-mentioned period and to the above-mentioned extent. The person concerned has the right to withdraw his\/her consent at any time. Withdrawal of consent does not affect the lawfulness of processing based on consent prior to its withdrawal. The person concerned is obliged to provide true and up-to-date personal data. The rights of the data subject are governed by chapter 3 of the GDPR. It is, for example the right to file a complaint with a supervisory authority, the right to object to processing, the right to request from the operator access to personal data concerning the person concerned, the right to correct or delete or limit the processing of personal data, as well as the right to data portability.<\/li>\n<li>In the case of registration on the website, the client has the right to delete the account by sending a request to the e-mail of the operator or by clicking the delete account button in the interface of his\/her account.<\/li>\n<li>These conditions are applicable from 25.5.2023<\/li>\n<\/ol>\n<\/div>\n<\/div><\/div><\/div><\/div><\/div><\/p>\n","protected":false},"excerpt":{"rendered":"","protected":false},"author":1,"featured_media":0,"parent":0,"menu_order":0,"comment_status":"closed","ping_status":"closed","template":"100-width.php","meta":{"footnotes":""},"class_list":["post-530","page","type-page","status-publish","hentry"],"yoast_head":"<!-- This site is optimized with the Yoast SEO plugin v22.7 - https:\/\/yoast.com\/wordpress\/plugins\/seo\/ -->\n<title>Principles of personal data processing - Lukamasiv<\/title>\n<meta name=\"robots\" content=\"index, follow, max-snippet:-1, max-image-preview:large, max-video-preview:-1\" \/>\n<link rel=\"canonical\" href=\"https:\/\/lukamasiv.sk\/en\/principles-of-personal-data-processing\/\" \/>\n<meta property=\"og:locale\" content=\"en_US\" \/>\n<meta property=\"og:type\" content=\"article\" \/>\n<meta property=\"og:title\" content=\"Principles of personal data processing - Lukamasiv\" \/>\n<meta property=\"og:url\" content=\"https:\/\/lukamasiv.sk\/en\/principles-of-personal-data-processing\/\" \/>\n<meta property=\"og:site_name\" content=\"Lukamasiv\" \/>\n<meta property=\"article:publisher\" content=\"https:\/\/www.facebook.com\/lukamasiv\/\" \/>\n<meta property=\"article:modified_time\" content=\"2023-05-25T06:46:40+00:00\" \/>\n<meta name=\"twitter:card\" content=\"summary_large_image\" \/>\n<meta name=\"twitter:label1\" content=\"Est. reading time\" \/>\n\t<meta name=\"twitter:data1\" content=\"7 minutes\" \/>\n<script type=\"application\/ld+json\" class=\"yoast-schema-graph\">{\"@context\":\"https:\/\/schema.org\",\"@graph\":[{\"@type\":\"WebPage\",\"@id\":\"https:\/\/lukamasiv.sk\/en\/principles-of-personal-data-processing\/\",\"url\":\"https:\/\/lukamasiv.sk\/en\/principles-of-personal-data-processing\/\",\"name\":\"Principles of personal data processing - Lukamasiv\",\"isPartOf\":{\"@id\":\"https:\/\/lukamasiv.sk\/#website\"},\"datePublished\":\"2023-04-26T11:53:04+00:00\",\"dateModified\":\"2023-05-25T06:46:40+00:00\",\"breadcrumb\":{\"@id\":\"https:\/\/lukamasiv.sk\/en\/principles-of-personal-data-processing\/#breadcrumb\"},\"inLanguage\":\"en-US\",\"potentialAction\":[{\"@type\":\"ReadAction\",\"target\":[\"https:\/\/lukamasiv.sk\/en\/principles-of-personal-data-processing\/\"]}]},{\"@type\":\"BreadcrumbList\",\"@id\":\"https:\/\/lukamasiv.sk\/en\/principles-of-personal-data-processing\/#breadcrumb\",\"itemListElement\":[{\"@type\":\"ListItem\",\"position\":1,\"name\":\"Domovsk\u00e1 str\u00e1nka\",\"item\":\"https:\/\/lukamasiv.sk\/en\/introduction\/\"},{\"@type\":\"ListItem\",\"position\":2,\"name\":\"Principles of personal data processing\"}]},{\"@type\":\"WebSite\",\"@id\":\"https:\/\/lukamasiv.sk\/#website\",\"url\":\"https:\/\/lukamasiv.sk\/\",\"name\":\"luakamasiv.sk\",\"description\":\"Poctiv\u00e9 komponenty pre dokonal\u00e9 kusy n\u00e1bytku\",\"publisher\":{\"@id\":\"https:\/\/lukamasiv.sk\/#organization\"},\"potentialAction\":[{\"@type\":\"SearchAction\",\"target\":{\"@type\":\"EntryPoint\",\"urlTemplate\":\"https:\/\/lukamasiv.sk\/?s={search_term_string}\"},\"query-input\":\"required name=search_term_string\"}],\"inLanguage\":\"en-US\"},{\"@type\":\"Organization\",\"@id\":\"https:\/\/lukamasiv.sk\/#organization\",\"name\":\"LUKAMASIV s. r. o.\",\"url\":\"https:\/\/lukamasiv.sk\/\",\"logo\":{\"@type\":\"ImageObject\",\"inLanguage\":\"en-US\",\"@id\":\"https:\/\/lukamasiv.sk\/#\/schema\/logo\/image\/\",\"url\":\"https:\/\/lukamasiv.sk\/wp-content\/uploads\/2023\/04\/lukamasiv-logo-retina.png\",\"contentUrl\":\"https:\/\/lukamasiv.sk\/wp-content\/uploads\/2023\/04\/lukamasiv-logo-retina.png\",\"width\":150,\"height\":188,\"caption\":\"LUKAMASIV s. r. o.\"},\"image\":{\"@id\":\"https:\/\/lukamasiv.sk\/#\/schema\/logo\/image\/\"},\"sameAs\":[\"https:\/\/www.facebook.com\/lukamasiv\/\",\"https:\/\/www.youtube.com\/@LUKAMASIVs.r.o.-og9fw\"]}]}<\/script>\n<!-- \/ Yoast SEO plugin. -->","yoast_head_json":{"title":"Principles of personal data processing - Lukamasiv","robots":{"index":"index","follow":"follow","max-snippet":"max-snippet:-1","max-image-preview":"max-image-preview:large","max-video-preview":"max-video-preview:-1"},"canonical":"https:\/\/lukamasiv.sk\/en\/principles-of-personal-data-processing\/","og_locale":"en_US","og_type":"article","og_title":"Principles of personal data processing - Lukamasiv","og_url":"https:\/\/lukamasiv.sk\/en\/principles-of-personal-data-processing\/","og_site_name":"Lukamasiv","article_publisher":"https:\/\/www.facebook.com\/lukamasiv\/","article_modified_time":"2023-05-25T06:46:40+00:00","twitter_card":"summary_large_image","twitter_misc":{"Est. reading time":"7 minutes"},"schema":{"@context":"https:\/\/schema.org","@graph":[{"@type":"WebPage","@id":"https:\/\/lukamasiv.sk\/en\/principles-of-personal-data-processing\/","url":"https:\/\/lukamasiv.sk\/en\/principles-of-personal-data-processing\/","name":"Principles of personal data processing - Lukamasiv","isPartOf":{"@id":"https:\/\/lukamasiv.sk\/#website"},"datePublished":"2023-04-26T11:53:04+00:00","dateModified":"2023-05-25T06:46:40+00:00","breadcrumb":{"@id":"https:\/\/lukamasiv.sk\/en\/principles-of-personal-data-processing\/#breadcrumb"},"inLanguage":"en-US","potentialAction":[{"@type":"ReadAction","target":["https:\/\/lukamasiv.sk\/en\/principles-of-personal-data-processing\/"]}]},{"@type":"BreadcrumbList","@id":"https:\/\/lukamasiv.sk\/en\/principles-of-personal-data-processing\/#breadcrumb","itemListElement":[{"@type":"ListItem","position":1,"name":"Domovsk\u00e1 str\u00e1nka","item":"https:\/\/lukamasiv.sk\/en\/introduction\/"},{"@type":"ListItem","position":2,"name":"Principles of personal data processing"}]},{"@type":"WebSite","@id":"https:\/\/lukamasiv.sk\/#website","url":"https:\/\/lukamasiv.sk\/","name":"luakamasiv.sk","description":"Poctiv\u00e9 komponenty pre dokonal\u00e9 kusy n\u00e1bytku","publisher":{"@id":"https:\/\/lukamasiv.sk\/#organization"},"potentialAction":[{"@type":"SearchAction","target":{"@type":"EntryPoint","urlTemplate":"https:\/\/lukamasiv.sk\/?s={search_term_string}"},"query-input":"required name=search_term_string"}],"inLanguage":"en-US"},{"@type":"Organization","@id":"https:\/\/lukamasiv.sk\/#organization","name":"LUKAMASIV s. r. o.","url":"https:\/\/lukamasiv.sk\/","logo":{"@type":"ImageObject","inLanguage":"en-US","@id":"https:\/\/lukamasiv.sk\/#\/schema\/logo\/image\/","url":"https:\/\/lukamasiv.sk\/wp-content\/uploads\/2023\/04\/lukamasiv-logo-retina.png","contentUrl":"https:\/\/lukamasiv.sk\/wp-content\/uploads\/2023\/04\/lukamasiv-logo-retina.png","width":150,"height":188,"caption":"LUKAMASIV s. r. o."},"image":{"@id":"https:\/\/lukamasiv.sk\/#\/schema\/logo\/image\/"},"sameAs":["https:\/\/www.facebook.com\/lukamasiv\/","https:\/\/www.youtube.com\/@LUKAMASIVs.r.o.-og9fw"]}]}},"_links":{"self":[{"href":"https:\/\/lukamasiv.sk\/en\/wp-json\/wp\/v2\/pages\/530","targetHints":{"allow":["GET"]}}],"collection":[{"href":"https:\/\/lukamasiv.sk\/en\/wp-json\/wp\/v2\/pages"}],"about":[{"href":"https:\/\/lukamasiv.sk\/en\/wp-json\/wp\/v2\/types\/page"}],"author":[{"embeddable":true,"href":"https:\/\/lukamasiv.sk\/en\/wp-json\/wp\/v2\/users\/1"}],"replies":[{"embeddable":true,"href":"https:\/\/lukamasiv.sk\/en\/wp-json\/wp\/v2\/comments?post=530"}],"version-history":[{"count":3,"href":"https:\/\/lukamasiv.sk\/en\/wp-json\/wp\/v2\/pages\/530\/revisions"}],"predecessor-version":[{"id":534,"href":"https:\/\/lukamasiv.sk\/en\/wp-json\/wp\/v2\/pages\/530\/revisions\/534"}],"wp:attachment":[{"href":"https:\/\/lukamasiv.sk\/en\/wp-json\/wp\/v2\/media?parent=530"}],"curies":[{"name":"wp","href":"https:\/\/api.w.org\/{rel}","templated":true}]}}